{"id":988220,"date":"2023-05-04T09:26:55","date_gmt":"2023-05-04T07:26:55","guid":{"rendered":"http:\/\/acc-company.com\/?page_id=988220"},"modified":"2023-06-01T11:15:03","modified_gmt":"2023-06-01T09:15:03","slug":"maschinen-und-anlagenbau","status":"publish","type":"page","link":"https:\/\/acc-company.com\/en\/maschinen-und-anlagenbau\/","title":{"rendered":"Mechanical and plant engineering"},"content":{"rendered":"<div class=\"vgblk-rw-wrapper limit-wrapper\">\n<h1>\n\t\tMechanical and plant engineering\n\t<\/h1>\n\t<p>In the realm of manufacturing, mechanical and plant engineering stands out with its technical intricacies, bespoke customer requirements, and the continuous pursuit of high quality while navigating price pressures.<\/p>\n<p>Our collaborative approach enables us to develop tailored solutions for our clients. Our team of seasoned consultants possesses a deep understanding of the machinery and equipment industry, providing fresh perspectives and steadfast support throughout the implementation of transformative initiatives.<\/p>\n\t\t\t\t\t\t\t<img decoding=\"async\" loading=\"lazy\" src=\"http:\/\/acc-company.com\/wp-content\/uploads\/2023\/06\/3301-fin-pic.jpg\" alt=\"3301-fin-pic\" itemprop=\"image\" height=\"304\" width=\"457\" title=\"3301-fin-pic\" onerror=\"this.style.display='none'\"  sizes=\"auto, (max-width: 768px) 100vw, 100vw\" srcset=\"http:\/\/acc-company.com\/wp-content\/uploads\/2023\/06\/3301-fin-pic.jpg 457w, http:\/\/acc-company.com\/wp-content\/uploads\/2023\/06\/3301-fin-pic-300x200.jpg 300w, http:\/\/acc-company.com\/wp-content\/uploads\/2023\/06\/3301-fin-pic-420x279.jpg 420w, http:\/\/acc-company.com\/wp-content\/uploads\/2023\/06\/3301-fin-pic-315x210.jpg 315w\" \/>\t\t\t\t\t\t\t\n<h2>\n\t\tNavigating Challenges as Innovation Drivers\n\t<\/h2>\n\t<p>The machinery and plant engineering sector serves as a vital cornerstone of various industries, including automotive, aerospace, food, chemicals, pharmaceuticals, and many others. These industries rely on the innovation, adaptability, flexibility, engineering expertise, and know-how of machinery and plant manufacturers.<\/p>\n\t<p>While the sector thrives as an innovation driver, it also faces its fair share of challenges. Rising energy costs, component shortages, a scarcity of skilled labor, and the transition towards digitalization of factories are among the factors introducing uncertainties. Now more than ever, a focus on planning reliability, efficiency, and intelligent processes is imperative. Both digitization and the shift towards becoming system providers necessitate significant investments in technology and expertise.<\/p>\n\t\t\t\t\t\t\t<img decoding=\"async\" loading=\"lazy\" src=\"http:\/\/acc-company.com\/wp-content\/uploads\/2023\/06\/3302-fin-pic.jpg\" alt=\"3302-fin-pic\" itemprop=\"image\" height=\"304\" width=\"457\" title=\"3302-fin-pic\" onerror=\"this.style.display='none'\"  sizes=\"auto, (max-width: 768px) 100vw, 100vw\" srcset=\"http:\/\/acc-company.com\/wp-content\/uploads\/2023\/06\/3302-fin-pic.jpg 457w, http:\/\/acc-company.com\/wp-content\/uploads\/2023\/06\/3302-fin-pic-300x200.jpg 300w, http:\/\/acc-company.com\/wp-content\/uploads\/2023\/06\/3302-fin-pic-420x279.jpg 420w, http:\/\/acc-company.com\/wp-content\/uploads\/2023\/06\/3302-fin-pic-315x210.jpg 315w\" \/>\t\t\t\t\t\t\t\n<h2>\n\t\tEmbracing Diversity in the Industry\n\t<\/h2>\n\t\t\t\t\t\t\t<img decoding=\"async\" loading=\"lazy\" src=\"http:\/\/acc-company.com\/wp-content\/uploads\/2023\/04\/star-icon.png\" alt=\"star-icon\" itemprop=\"image\" height=\"160\" width=\"160\" title=\"star-icon\" onerror=\"this.style.display='none'\"  sizes=\"auto, (max-width: 768px) 100vw, 100vw\" srcset=\"http:\/\/acc-company.com\/wp-content\/uploads\/2023\/04\/star-icon.png 160w, http:\/\/acc-company.com\/wp-content\/uploads\/2023\/04\/star-icon-150x150.png 150w, http:\/\/acc-company.com\/wp-content\/uploads\/2023\/04\/star-icon-100x100.png 100w\" \/>\t\t\t\t\t\t\t\n<h3>\n\t\tModularization\n\t<\/h3>\n\t<p>Achieve product diversity while effectively meeting your customers' unique requirements without burdening your organization. Embrace the power of modular design and platforms.<\/p>\n\t\t\t\t\t\t\t<img decoding=\"async\" loading=\"lazy\" src=\"http:\/\/acc-company.com\/wp-content\/uploads\/2023\/04\/star-icon.png\" alt=\"star-icon\" itemprop=\"image\" height=\"160\" width=\"160\" title=\"star-icon\" onerror=\"this.style.display='none'\"  sizes=\"auto, (max-width: 768px) 100vw, 100vw\" srcset=\"http:\/\/acc-company.com\/wp-content\/uploads\/2023\/04\/star-icon.png 160w, http:\/\/acc-company.com\/wp-content\/uploads\/2023\/04\/star-icon-150x150.png 150w, http:\/\/acc-company.com\/wp-content\/uploads\/2023\/04\/star-icon-100x100.png 100w\" \/>\t\t\t\t\t\t\t\n<h3>\n\t\tMaximizing Production Efficiency\n\t<\/h3>\n\t<p>Whether it's optimizing existing production processes or undertaking a complete reorganization of your machinery and equipment manufacturing, our team provides comprehensive support to drive efficiency.<\/p>\n\t\t\t\t\t\t\t<img decoding=\"async\" loading=\"lazy\" src=\"http:\/\/acc-company.com\/wp-content\/uploads\/2023\/04\/star-icon.png\" alt=\"star-icon\" itemprop=\"image\" height=\"160\" width=\"160\" title=\"star-icon\" onerror=\"this.style.display='none'\"  sizes=\"auto, (max-width: 768px) 100vw, 100vw\" srcset=\"http:\/\/acc-company.com\/wp-content\/uploads\/2023\/04\/star-icon.png 160w, http:\/\/acc-company.com\/wp-content\/uploads\/2023\/04\/star-icon-150x150.png 150w, http:\/\/acc-company.com\/wp-content\/uploads\/2023\/04\/star-icon-100x100.png 100w\" \/>\t\t\t\t\t\t\t\n<h3>\n\t\tDigitalization and Industry 4.0 (I4.0)\n\t<\/h3>\n\t<p>Together, we create a digitalization concept that empowers our clients' products to be SMART. Embrace the potential of Industry 4.0, where advanced technologies and connectivity transform manufacturing operations.<\/p>\n\t\t\t\t\t\t\t<img decoding=\"async\" loading=\"lazy\" src=\"http:\/\/acc-company.com\/wp-content\/uploads\/2023\/04\/star-icon.png\" alt=\"star-icon\" itemprop=\"image\" height=\"160\" width=\"160\" title=\"star-icon\" onerror=\"this.style.display='none'\"  sizes=\"auto, (max-width: 768px) 100vw, 100vw\" srcset=\"http:\/\/acc-company.com\/wp-content\/uploads\/2023\/04\/star-icon.png 160w, http:\/\/acc-company.com\/wp-content\/uploads\/2023\/04\/star-icon-150x150.png 150w, http:\/\/acc-company.com\/wp-content\/uploads\/2023\/04\/star-icon-100x100.png 100w\" \/>\t\t\t\t\t\t\t\n<h3>\n\t\tAnalytics and Artificial Intelligence (AI)\n\t<\/h3>\n\t<p>Leveraging MOZAK, our I4.0 platform, we enable your machines and plants to become SMART, unlocking new possibilities. From condition monitoring and preventive maintenance to AI applications, we harness the power of analytics and AI to drive insights and efficiency.<\/p>\n<h2>\n\t\tCases\n\t<\/h2>\n\t<style id=\"wp_carousel_dynamic_css987965\">#sp-wp-carousel-free-id-987965 .wpcp-swiper-dots {margin: 40px 0px 0px 0px;}.wpcp-wrapper-987965 .swiper-wrapper .swiper-slide-kenburn, .wpcp-wrapper-987965 .swiper-wrapper, .wpcp-wrapper-987965 .wpcpro-row{align-items: center;}#sp-wp-carousel-free-id-987965 .wpcp-single-item {box-shadow: 0px 0px 0px 0px #dddddd;transition: all .3s;margin: 0px;}#sp-wp-carousel-free-id-987965.swiper-flip .wpcp-single-item{margin: 0!important;}#sp-wp-carousel-free-id-987965 .wpcp-single-item:hover {box-shadow: 0px 0px 0px 0px #dddddd;}#sp-wp-carousel-free-id-987965.sp-wpcp-987965 .wpcp-single-item {border: 1px solid #dddddd;}#sp-wp-carousel-free-id-987965.sp-wpcp-987965 .swiper-button-prev,#sp-wp-carousel-free-id-987965.sp-wpcp-987965 .swiper-button-next,#sp-wp-carousel-free-id-987965.sp-wpcp-987965 .swiper-button-prev:hover,#sp-wp-carousel-free-id-987965.sp-wpcp-987965 .swiper-button-next:hover {background: none;border: none;font-size: 30px;}#sp-wp-carousel-free-id-987965.sp-wpcp-987965 .swiper-button-prev i,#sp-wp-carousel-free-id-987965.sp-wpcp-987965 .swiper-button-next i {color: #aaa;}#sp-wp-carousel-free-id-987965.sp-wpcp-987965 .swiper-button-prev i:hover,#sp-wp-carousel-free-id-987965.sp-wpcp-987965 .swiper-button-next i:hover {color: #178087;}#sp-wp-carousel-free-id-987965.sp-wpcp-987965 .wpcp-swiper-dots .swiper-pagination-bullet {background-color: #cccccc;}#sp-wp-carousel-free-id-987965.sp-wpcp-987965 .wpcp-swiper-dots .swiper-pagination-bullet.swiper-pagination-bullet-active {background-color: #178087;} #sp-wp-carousel-free-id-987965.sp-wpcp-987965.wpcp-image-carousel .wpcp-single-item:hover img, #sp-wp-carousel-free-id-987965.sp-wpcp-987965.wpcp-post-carousel .wpcp-single-item:hover img, #sp-wp-carousel-free-id-987965.sp-wpcp-987965.wpcp-product-carousel .wpcp-single-item:hover img{-webkit-transform: scale(1.2);-moz-transform: scale(1.2);transform: scale(1.2);}.wpcp-carousel-wrapper #sp-wp-carousel-free-id-987965.wpcp-post-carousel .wpcp-single-item {background: #f9f9f9;}@media screen and (max-width: 479px) {#sp-wp-carousel-free-id-987965.nav-vertical-center {padding: 0;margin:0;}#sp-wp-carousel-free-id-987965.nav-vertical-center .wpcp-next-button,#sp-wp-carousel-free-id-987965.nav-vertical-center .wpcp-prev-button {display: none;}}#sp-wp-carousel-free-id-987965 .wpcpro-row>[class*=\"wpcpro-col-\"] { padding: 0 10px; padding-bottom: 20px;} #sp-wp-carousel-free-id-987965 .swiper-slide .single-item-fade:not(:last-child) { margin-right: 20px;}@media (min-width: 480px) { .wpcpro-row .wpcpro-col-sm-1 { flex: 0 0 100%; max-width: 100%; } .wpcpro-row .wpcpro-col-sm-2 { flex: 0 0 50%; max-width: 50%; } .wpcpro-row .wpcpro-col-sm-2-5 { flex: 0 0 75%; max-width: 75%; } .wpcpro-row .wpcpro-col-sm-3 { flex: 0 0 33.333%; max-width: 33.333%; } .wpcpro-row .wpcpro-col-sm-4 { flex: 0 0 25%; max-width: 25%; } .wpcpro-row .wpcpro-col-sm-5 { flex: 0 0 20%; max-width: 20%; } .wpcpro-row .wpcpro-col-sm-6 { flex: 0 0 16.66666666666667%; max-width: 16.66666666666667%; } .wpcpro-row .wpcpro-col-sm-7 { flex: 0 0 14.28571428%; max-width: 14.28571428%; } .wpcpro-row .wpcpro-col-sm-8 { flex: 0 0 12.5%; max-width: 12.5%; } } @media (max-width: 480px) { .wpcpro-row .wpcpro-col-xs-1 { flex: 0 0 100%; max-width: 100%; } .wpcpro-row .wpcpro-col-xs-2 { flex: 0 0 50%; max-width: 50%; } .wpcpro-row .wpcpro-col-xs-3 { flex: 0 0 33.222%; max-width: 33.222%; } .wpcpro-row .wpcpro-col-xs-4 { flex: 0 0 25%; max-width: 25%; } .wpcpro-row .wpcpro-col-xs-5 { flex: 0 0 20%; max-width: 20%; } .wpcpro-row .wpcpro-col-xs-6 { flex: 0 0 16.6667%; max-width: 16.6667%; } .wpcpro-row .wpcpro-col-xs-7 { flex: 0 0 14.28571428%; max-width: 14.28571428%; } .wpcpro-row .wpcpro-col-xs-8 { flex: 0 0 12.5%; max-width: 12.5%; } } @media (min-width: 736px) { .wpcpro-row .wpcpro-col-md-1 { flex: 0 0 100%; max-width: 100%; } .wpcpro-row .wpcpro-col-md-2 { flex: 0 0 50%; max-width: 50%; } .wpcpro-row .wpcpro-col-md-2-5 { flex: 0 0 75%; max-width: 75%; } .wpcpro-row .wpcpro-col-md-3 { flex: 0 0 33.333%; max-width: 33.333%; } .wpcpro-row .wpcpro-col-md-4 { flex: 0 0 25%; max-width: 25%; } .wpcpro-row .wpcpro-col-md-5 { flex: 0 0 20%; max-width: 20%; } .wpcpro-row .wpcpro-col-md-6 { flex: 0 0 16.66666666666667%; max-width: 16.66666666666667%; } .wpcpro-row .wpcpro-col-md-7 { flex: 0 0 14.28571428%; max-width: 14.28571428%; } .wpcpro-row .wpcpro-col-md-8 { flex: 0 0 12.5%; max-width: 12.5%; } } @media (min-width: 980px) { .wpcpro-row .wpcpro-col-lg-1 { flex: 0 0 100%; max-width: 100%; } .wpcpro-row .wpcpro-col-lg-2 { flex: 0 0 50%; max-width: 50%; } .wpcpro-row .wpcpro-col-lg-3 { flex: 0 0 33.222%; max-width: 33.222%; } .wpcpro-row .wpcpro-col-lg-4 { flex: 0 0 25%; max-width: 25%; } .wpcpro-row .wpcpro-col-lg-5 { flex: 0 0 20%; max-width: 20%; } .wpcpro-row .wpcpro-col-lg-6 { flex: 0 0 16.6667%; max-width: 16.6667%; } .wpcpro-row .wpcpro-col-lg-7 { flex: 0 0 14.28571428%; max-width: 14.28571428%; } .wpcpro-row .wpcpro-col-lg-8 { flex: 0 0 12.5%; max-width: 12.5%; } } @media (min-width: 1200px) { .wpcpro-row .wpcpro-col-xl-1 { flex: 0 0 100%; max-width: 100%; } .wpcpro-row .wpcpro-col-xl-2 { flex: 0 0 50%; max-width: 50%; } .wpcpro-row .wpcpro-col-xl-3 { flex: 0 0 33.22222222%; max-width: 33.22222222%; } .wpcpro-row .wpcpro-col-xl-4 { flex: 0 0 25%; max-width: 25%; } .wpcpro-row .wpcpro-col-xl-5 { flex: 0 0 20%; max-width: 20%; } .wpcpro-row .wpcpro-col-xl-6 { flex: 0 0 16.66667%; max-width: 16.66667%; } .wpcpro-row .wpcpro-col-xl-7 { flex: 0 0 14.28571428%; max-width: 14.28571428%; } .wpcpro-row .wpcpro-col-xl-8 { flex: 0 0 12.5%; max-width: 12.5%; } }<\/style><div class=\"wpcp-carousel-wrapper wpcp-wrapper-987965\">\n\t<div id=\"wpcp-preloader-987965\" class=\"wpcp-carousel-preloader\"><img decoding=\"async\" src=\"https:\/\/acc-company.com\/wp-content\/plugins\/wp-carousel-free\/public\/css\/spinner.svg\" alt=\"Preloader Image\" \/><\/div>\t<div class=\"wpcp-carousel-content-wrapper\">\n\t<div id=\"sp-wp-carousel-free-id-987965\" class=\"wpcp-carousel-section sp-wpcp-987965  nav-vertical-center wpcp-post-carousel wpcp-preloader wpcp-standard\" data-swiper='{ &quot;accessibility&quot;:true, &quot;spaceBetween&quot;:20, &quot;arrows&quot;:true, &quot;freeMode&quot;: false, &quot;autoplay&quot;:true, &quot;effect&quot;: &quot;&quot;, &quot;centerMode&quot;: false, &quot;autoplaySpeed&quot;:3000, &quot;dots&quot;:true, &quot;infinite&quot;:true, &quot;speed&quot;:600, &quot;pauseOnHover&quot;:true,\t\t\t&quot;slidesToShow&quot;:{&quot;lg_desktop&quot;:3, &quot;desktop&quot;: 3, &quot;laptop&quot;: 2, &quot;tablet&quot;: 1, &quot;mobile&quot;: 1}, &quot;responsive&quot;:{&quot;desktop&quot;:1200, &quot;laptop&quot;: 980, &quot;tablet&quot;: 736, &quot;mobile&quot;: 480}, &quot;rtl&quot;:false, &quot;lazyLoad&quot;: &quot;false&quot;, &quot;swipe&quot;: true, &quot;draggable&quot;: true, &quot;swipeToSlide&quot;:false }' dir=\"ltr\">\n\t\t<div class=\"swiper-wrapper\">\n\t\t<div class=\"swiper-slide\">\n\t<div class=\"wpcp-single-item\">\n\t\t\t<div class=\"wpcp-slide-image\">\n\t\t<a href=\"https:\/\/acc-company.com\/en\/pharma-case\/\">\n\t\t\t<img loading=\"lazy\" decoding=\"async\" class=\"skip-lazy\" src=\"https:\/\/acc-company.com\/wp-content\/uploads\/2023\/06\/401-iStock-842883090.jpg\" alt=\"\" width=\"612\" height=\"593\">\t\t<\/a>\n\t<\/div>\n\t\t\t\t<div class=\"wpcp-all-captions\">\n\t\t\t<ul class=\"wpcp-post-meta\">\n\t\t\t\t\t<li><a href=\"https:\/\/acc-company.com\/en\/author\/admin\/\">By admin<\/a><\/li>\n\t\t\t\t\t\t\t<li><time class=\"entry-date published updated\" datetime=\"2013-08-28T21:23:54+02:00\"> On 28. August 2013<\/time><\/li>\n\t\t\t\t<\/ul>\n\t<h2 class=\"wpcp-post-title\">\n\t<a href=\"https:\/\/acc-company.com\/en\/pharma-case\/\">\n\t\tPharmaceutical Industry\t<\/a>\n<\/h2>\n\t<div class='wpcp-post-content'>\n\t<p>In the realm of GMP compliance, continuous verification and quality testing of...<\/p>\n<\/div>\n\t\t<\/div>\n\t<\/div>\n<\/div>\n<div class=\"swiper-slide\">\n\t<div class=\"wpcp-single-item\">\n\t\t\t<div class=\"wpcp-slide-image\">\n\t\t<a href=\"https:\/\/acc-company.com\/en\/maschinen-und-anlagenbau-case\/\">\n\t\t\t<img loading=\"lazy\" decoding=\"async\" class=\"skip-lazy\" src=\"https:\/\/acc-company.com\/wp-content\/uploads\/2023\/06\/402-iStock-942955164.jpg\" alt=\"\" width=\"612\" height=\"593\">\t\t<\/a>\n\t<\/div>\n\t\t\t\t<div class=\"wpcp-all-captions\">\n\t\t\t<ul class=\"wpcp-post-meta\">\n\t\t\t\t\t<li><a href=\"https:\/\/acc-company.com\/en\/author\/admin\/\">By admin<\/a><\/li>\n\t\t\t\t\t\t\t<li><time class=\"entry-date published updated\" datetime=\"2023-05-03T17:05:53+02:00\"> On 3. May 2023<\/time><\/li>\n\t\t\t\t<\/ul>\n\t<h2 class=\"wpcp-post-title\">\n\t<a href=\"https:\/\/acc-company.com\/en\/maschinen-und-anlagenbau-case\/\">\n\t\tMechanical and plant engineering\t<\/a>\n<\/h2>\n\t<div class='wpcp-post-content'>\n\t<p>When things are going smoothly, it's natural to question the need for change...<\/p>\n<\/div>\n\t\t<\/div>\n\t<\/div>\n<\/div>\n<div class=\"swiper-slide\">\n\t<div class=\"wpcp-single-item\">\n\t\t\t<div class=\"wpcp-slide-image\">\n\t\t<a href=\"https:\/\/acc-company.com\/en\/automotive-supplier-case\/\">\n\t\t\t<img loading=\"lazy\" decoding=\"async\" class=\"skip-lazy\" src=\"https:\/\/acc-company.com\/wp-content\/uploads\/2023\/06\/403-iStock-1432546493.jpg\" alt=\"\" width=\"612\" height=\"593\">\t\t<\/a>\n\t<\/div>\n\t\t\t\t<div class=\"wpcp-all-captions\">\n\t\t\t<ul class=\"wpcp-post-meta\">\n\t\t\t\t\t<li><a href=\"https:\/\/acc-company.com\/en\/author\/admin\/\">By admin<\/a><\/li>\n\t\t\t\t\t\t\t<li><time class=\"entry-date published updated\" datetime=\"2023-05-03T17:08:19+02:00\"> On 3. May 2023<\/time><\/li>\n\t\t\t\t<\/ul>\n\t<h2 class=\"wpcp-post-title\">\n\t<a href=\"https:\/\/acc-company.com\/en\/automotive-supplier-case\/\">\n\t\tAutomotive Supplier\t<\/a>\n<\/h2>\n\t<div class='wpcp-post-content'>\n\t<p>Driving Success in Challenging Times: Overcoming Escalations at an Automotive Supplier...<\/p>\n<\/div>\n\t\t<\/div>\n\t<\/div>\n<\/div>\n<div class=\"swiper-slide\">\n\t<div class=\"wpcp-single-item\">\n\t\t\t<div class=\"wpcp-slide-image\">\n\t\t<a href=\"https:\/\/acc-company.com\/en\/automatisierung-case\/\">\n\t\t\t<img loading=\"lazy\" decoding=\"async\" class=\"skip-lazy\" src=\"https:\/\/acc-company.com\/wp-content\/uploads\/2023\/06\/404-iStock-970579482.jpg\" alt=\"\" width=\"612\" height=\"593\">\t\t<\/a>\n\t<\/div>\n\t\t\t\t<div class=\"wpcp-all-captions\">\n\t\t\t<ul class=\"wpcp-post-meta\">\n\t\t\t\t\t<li><a href=\"https:\/\/acc-company.com\/en\/author\/admin\/\">By admin<\/a><\/li>\n\t\t\t\t\t\t\t<li><time class=\"entry-date published updated\" datetime=\"2023-05-04T16:24:06+02:00\"> On 4. May 2023<\/time><\/li>\n\t\t\t\t<\/ul>\n\t<h2 class=\"wpcp-post-title\">\n\t<a href=\"https:\/\/acc-company.com\/en\/automatisierung-case\/\">\n\t\tAutomation\t<\/a>\n<\/h2>\n\t<div class='wpcp-post-content'>\n\t<p>In the pursuit of unparalleled performance, an industry-leading automation solutions...<\/p>\n<\/div>\n\t\t<\/div>\n\t<\/div>\n<\/div>\n<div class=\"swiper-slide\">\n\t<div class=\"wpcp-single-item\">\n\t\t\t<div class=\"wpcp-slide-image\">\n\t\t<a href=\"https:\/\/acc-company.com\/en\/e-mobility-case\/\">\n\t\t\t<img loading=\"lazy\" decoding=\"async\" class=\"skip-lazy\" src=\"https:\/\/acc-company.com\/wp-content\/uploads\/2023\/06\/405-iStock-1460362934.jpg\" alt=\"\" width=\"612\" height=\"593\">\t\t<\/a>\n\t<\/div>\n\t\t\t\t<div class=\"wpcp-all-captions\">\n\t\t\t<ul class=\"wpcp-post-meta\">\n\t\t\t\t\t<li><a href=\"https:\/\/acc-company.com\/en\/author\/admin\/\">By admin<\/a><\/li>\n\t\t\t\t\t\t\t<li><time class=\"entry-date published updated\" datetime=\"2023-05-04T17:01:08+02:00\"> On 4. May 2023<\/time><\/li>\n\t\t\t\t<\/ul>\n\t<h2 class=\"wpcp-post-title\">\n\t<a href=\"https:\/\/acc-company.com\/en\/e-mobility-case\/\">\n\t\tE-Mobility\t<\/a>\n<\/h2>\n\t<div class='wpcp-post-content'>\n\t<p>Reimagining Electromobility: Accelerating Battery Cell Production...<\/p>\n<\/div>\n\t\t<\/div>\n\t<\/div>\n<\/div>\n<div class=\"swiper-slide\">\n\t<div class=\"wpcp-single-item\">\n\t\t\t<div class=\"wpcp-slide-image\">\n\t\t<a href=\"https:\/\/acc-company.com\/en\/aerospace-case\/\">\n\t\t\t<img loading=\"lazy\" decoding=\"async\" class=\"skip-lazy\" src=\"https:\/\/acc-company.com\/wp-content\/uploads\/2023\/06\/406-iStock-1420890005.jpg\" alt=\"\" width=\"612\" height=\"593\">\t\t<\/a>\n\t<\/div>\n\t\t\t\t<div class=\"wpcp-all-captions\">\n\t\t\t<ul class=\"wpcp-post-meta\">\n\t\t\t\t\t<li><a href=\"https:\/\/acc-company.com\/en\/author\/admin\/\">By admin<\/a><\/li>\n\t\t\t\t\t\t\t<li><time class=\"entry-date published updated\" datetime=\"2023-05-04T17:06:42+02:00\"> On 4. May 2023<\/time><\/li>\n\t\t\t\t<\/ul>\n\t<h2 class=\"wpcp-post-title\">\n\t<a href=\"https:\/\/acc-company.com\/en\/aerospace-case\/\">\n\t\tAerospace\t<\/a>\n<\/h2>\n\t<div class='wpcp-post-content'>\n\t<p>Put yourself in the shoes of an aviation industry leader who recently completed a sale...<\/p>\n<\/div>\n\t\t<\/div>\n\t<\/div>\n<\/div>\n<div class=\"swiper-slide\">\n\t<div class=\"wpcp-single-item\">\n\t\t\t<div class=\"wpcp-slide-image\">\n\t\t<a href=\"https:\/\/acc-company.com\/en\/it-telekommunikation-case\/\">\n\t\t\t<img loading=\"lazy\" decoding=\"async\" class=\"skip-lazy\" src=\"https:\/\/acc-company.com\/wp-content\/uploads\/2023\/06\/407-iStock-1144557228.jpg\" alt=\"\" width=\"612\" height=\"593\">\t\t<\/a>\n\t<\/div>\n\t\t\t\t<div class=\"wpcp-all-captions\">\n\t\t\t<ul class=\"wpcp-post-meta\">\n\t\t\t\t\t<li><a href=\"https:\/\/acc-company.com\/en\/author\/admin\/\">By admin<\/a><\/li>\n\t\t\t\t\t\t\t<li><time class=\"entry-date published updated\" datetime=\"2023-05-04T17:08:03+02:00\"> On 4. May 2023<\/time><\/li>\n\t\t\t\t<\/ul>\n\t<h2 class=\"wpcp-post-title\">\n\t<a href=\"https:\/\/acc-company.com\/en\/it-telekommunikation-case\/\">\n\t\tIT telecommunications\t<\/a>\n<\/h2>\n\t<div class='wpcp-post-content'>\n\t<p>IT Integration of Local Fiber Optic Providers: Strengthening Telecommunications Infrastructure.<\/p>\n<\/div>\n\t\t<\/div>\n\t<\/div>\n<\/div>\n\t\t<\/div>\n\t\t\t\t\t<div class=\"wpcp-swiper-dots swiper-pagination\"><\/div>\n\t\t\t\t<!-- If we need navigation buttons -->\n\t\t\t\t\t<div class=\"wpcp-prev-button swiper-button-prev\"><i class=\"fa fa-angle-left\"><\/i><\/div>\n\t\t\t<div class=\"wpcp-next-button swiper-button-next\"><i class=\"fa fa-angle-right\"><\/i><\/div>\n\t\t\t<\/div>\n\t<\/div>\n<\/div>\n\n<h2>\n\t\tWe are your trusted partner!\n\t<\/h2>\n\t<p>Count on us to provide you with expertise, fresh insights, and collaborative solutions. Reach out to our industry experts to initiate a fruitful dialogue.<\/p>\n\t<a href=\"http:\/\/acc-company.com\/en\/contact\/\" target=\"_self\" role=\"button\" rel=\"noopener\">\n\t\t\t\t\tContact\n\t<\/a>\n\n<\/div><!-- .vgblk-rw-wrapper -->","protected":false},"excerpt":{"rendered":"<p>Maschinen- und Anlagenbau Der Maschinen- und Anlagenbau ist ein Bereich der produzierenden Industrie, der durch technische Komplexit\u00e4t, ein hohes Ma\u00df an speziellen Kundenanforderungen und einem hohen Qualit\u00e4ts- und Preisdruck gepr\u00e4gt&#8230;<\/p>","protected":false},"author":1,"featured_media":0,"parent":0,"menu_order":0,"comment_status":"closed","ping_status":"closed","template":"","meta":{"inline_featured_image":false,"_themeisle_gutenberg_block_has_review":false,"footnotes":""},"class_list":["post-988220","page","type-page","status-publish","hentry"],"_links":{"self":[{"href":"https:\/\/acc-company.com\/en\/wp-json\/wp\/v2\/pages\/988220","targetHints":{"allow":["GET"]}}],"collection":[{"href":"https:\/\/acc-company.com\/en\/wp-json\/wp\/v2\/pages"}],"about":[{"href":"https:\/\/acc-company.com\/en\/wp-json\/wp\/v2\/types\/page"}],"author":[{"embeddable":true,"href":"https:\/\/acc-company.com\/en\/wp-json\/wp\/v2\/users\/1"}],"replies":[{"embeddable":true,"href":"https:\/\/acc-company.com\/en\/wp-json\/wp\/v2\/comments?post=988220"}],"version-history":[{"count":15,"href":"https:\/\/acc-company.com\/en\/wp-json\/wp\/v2\/pages\/988220\/revisions"}],"predecessor-version":[{"id":988767,"href":"https:\/\/acc-company.com\/en\/wp-json\/wp\/v2\/pages\/988220\/revisions\/988767"}],"wp:attachment":[{"href":"https:\/\/acc-company.com\/en\/wp-json\/wp\/v2\/media?parent=988220"}],"curies":[{"name":"wp","href":"https:\/\/api.w.org\/{rel}","templated":true}]}}