{"id":987733,"date":"2023-04-25T14:22:52","date_gmt":"2023-04-25T12:22:52","guid":{"rendered":"http:\/\/acc-company.com\/?page_id=987733"},"modified":"2023-06-19T13:22:38","modified_gmt":"2023-06-19T11:22:38","slug":"cases","status":"publish","type":"page","link":"https:\/\/acc-company.com\/en\/cases\/","title":{"rendered":"Cases"},"content":{"rendered":"<div class=\"vgblk-rw-wrapper limit-wrapper\">\n<h3>\n\t\t<a href=\"http:\/\/acc-company.com\/en\/sanofi\/\" title=\"Pharmaceutical Industry\" target=\"_self\" rel=\"noopener\">\n\t\tPharmaceutical Industry\n\t\t<\/a>\n\t<\/h3>\n\t<p>Aus GMP-Sicht muss eine kontinuierliche Verifizierung und damit Pr\u00fcfung der&#8230;<\/p>\n\t<a href=\"http:\/\/acc-company.com\/en\/sanofi\/\" target=\"_self\" role=\"button\" rel=\"noopener\">\n\t\t\t\t\tRead more\n\t<\/a>\n<h3>\n\t\t<a href=\"http:\/\/acc-company.com\/en\/groniger\/\" title=\"Mechanical and plant engineering\" target=\"_self\" rel=\"noopener\">\n\t\tMechanical and plant engineering\n\t\t<\/a>\n\t<\/h3>\n\t<p>Alles l\u00e4uft gut. Uns geht es blendend. Warum sollten wir etwas \u00e4ndern? Das hat sich unser&#8230;<\/p>\n\t<a href=\"http:\/\/acc-company.com\/en\/groniger\/\" target=\"_self\" role=\"button\" rel=\"noopener\">\n\t\t\t\t\tRead more\n\t<\/a>\n<h3>\n\t\t<a href=\"http:\/\/acc-company.com\/en\/webasto\/\" title=\"Automotive Supplier\" target=\"_self\" rel=\"noopener\">\n\t\tAutomotive Supplier\n\t\t<\/a>\n\t<\/h3>\n\t<p>Ein Tier 1 &#8211; Automobilzulieferer von Roofsystemen beliefert von seinem&#8230;<\/p>\n\t<a href=\"http:\/\/acc-company.com\/en\/webasto\/\" target=\"_self\" role=\"button\" rel=\"noopener\">\n\t\t\t\t\tRead more\n\t<\/a>\n<h3>\n\t\t<a href=\"http:\/\/acc-company.com\/en\/ats\/\" title=\"Automation\" target=\"_self\" rel=\"noopener\">\n\t\tAutomation\n\t\t<\/a>\n\t<\/h3>\n\t<p>Das f\u00fchrende Unternehmen f\u00fcr Automatisierungsl\u00f6sungen wurde von&#8230;<\/p>\n\t<a href=\"http:\/\/acc-company.com\/en\/ats\/\" target=\"_self\" role=\"button\" rel=\"noopener\">\n\t\t\t\t\tRead more\n\t<\/a>\n<h3>\n\t\t<a href=\"http:\/\/acc-company.com\/en\/rimac\/\" title=\"E-Mobility\" target=\"_self\" rel=\"noopener\">\n\t\tE-Mobility\n\t\t<\/a>\n\t<\/h3>\n\t<p>Reimagining Electromobility: Accelerating Battery Cell Production...<\/p>\n\t<a href=\"http:\/\/acc-company.com\/en\/rimac\/\" target=\"_self\" role=\"button\" rel=\"noopener\">\n\t\t\t\t\tRead more\n\t<\/a>\n<h3>\n\t\t<a href=\"http:\/\/acc-company.com\/en\/airbus\/\" title=\"Aerospace\" target=\"_self\" rel=\"noopener\">\n\t\tAerospace\n\t\t<\/a>\n\t<\/h3>\n\t<p>Put yourself in the shoes of an aviation industry leader who recently completed a sale...<\/p>\n\t<a href=\"http:\/\/acc-company.com\/en\/airbus\/\" target=\"_self\" role=\"button\" rel=\"noopener\">\n\t\t\t\t\tRead more\n\t<\/a>\n<h3>\n\t\t<a href=\"http:\/\/acc-company.com\/en\/open\/\" title=\"IT telecommunications\" target=\"_self\" rel=\"noopener\">\n\t\tIT telecommunications\n\t\t<\/a>\n\t<\/h3>\n\t<p>IT Integration of Local Fiber Optic Providers: Strengthening Telecommunications Infrastructure.<\/p>\n\t<a href=\"http:\/\/acc-company.com\/en\/open\/\" target=\"_self\" role=\"button\" rel=\"noopener\">\n\t\t\t\t\tRead more\n\t<\/a>\n<h2>\n\t\tYour perfect partner\n\t<\/h2>\n\t<p>Our team of industry experts is readily accessible to provide valuable insights and guidance on how we can assist you. We understand the intricacies of your sector and are committed to offering the support you need.<\/p>\n\t<a href=\"http:\/\/acc-company.com\/en\/contact\/\" target=\"_self\" role=\"button\" rel=\"noopener\">\n\t\t\t\t\tContact us\n\t<\/a>\n\n<\/div><!-- .vgblk-rw-wrapper -->","protected":false},"excerpt":{"rendered":"<p>Pharma Aus GMP-Sicht muss eine kontinuierliche Verifizierung und damit Pr\u00fcfung der&#8230; Read more Maschinen- und Anlagenbau Alles l\u00e4uft gut. Uns geht es blendend. Warum sollten wir etwas \u00e4ndern? Das hat&#8230;<\/p>","protected":false},"author":1,"featured_media":0,"parent":0,"menu_order":0,"comment_status":"closed","ping_status":"closed","template":"","meta":{"inline_featured_image":false,"_themeisle_gutenberg_block_has_review":false,"footnotes":""},"class_list":["post-987733","page","type-page","status-publish","hentry"],"_links":{"self":[{"href":"https:\/\/acc-company.com\/en\/wp-json\/wp\/v2\/pages\/987733","targetHints":{"allow":["GET"]}}],"collection":[{"href":"https:\/\/acc-company.com\/en\/wp-json\/wp\/v2\/pages"}],"about":[{"href":"https:\/\/acc-company.com\/en\/wp-json\/wp\/v2\/types\/page"}],"author":[{"embeddable":true,"href":"https:\/\/acc-company.com\/en\/wp-json\/wp\/v2\/users\/1"}],"replies":[{"embeddable":true,"href":"https:\/\/acc-company.com\/en\/wp-json\/wp\/v2\/comments?post=987733"}],"version-history":[{"count":18,"href":"https:\/\/acc-company.com\/en\/wp-json\/wp\/v2\/pages\/987733\/revisions"}],"predecessor-version":[{"id":988875,"href":"https:\/\/acc-company.com\/en\/wp-json\/wp\/v2\/pages\/987733\/revisions\/988875"}],"wp:attachment":[{"href":"https:\/\/acc-company.com\/en\/wp-json\/wp\/v2\/media?parent=987733"}],"curies":[{"name":"wp","href":"https:\/\/api.w.org\/{rel}","templated":true}]}}