{"id":13827,"date":"2017-08-31T09:32:09","date_gmt":"2017-08-31T07:32:09","guid":{"rendered":"https:\/\/consulting.vamtam.com\/?page_id=13827"},"modified":"2026-02-05T08:51:58","modified_gmt":"2026-02-05T07:51:58","slug":"home-2","status":"publish","type":"page","link":"https:\/\/acc-company.com\/en\/","title":{"rendered":"Home"},"content":{"rendered":"<div class=\"vgblk-rw-wrapper limit-wrapper\">\n\n\t\t\t\t\t\t\t<img loading=\"lazy\" decoding=\"async\" width=\"1260\" height=\"407\" src=\"http:\/\/acc-company.com\/wp-content\/uploads\/2023\/06\/image_processing20220816-32087-np8ne2-copy-1260x407-1.jpg\" alt=\"image_processing20220816-32087-np8ne2-copy-1260x407\" itemprop=\"image\" title=\"image_processing20220816-32087-np8ne2-copy-1260x407\" onerror=\"this.style.display='none'\"  sizes=\"auto, (max-width: 768px) 100vw, 100vw\" srcset=\"https:\/\/acc-company.com\/wp-content\/uploads\/2023\/06\/image_processing20220816-32087-np8ne2-copy-1260x407-1.jpg 1260w, https:\/\/acc-company.com\/wp-content\/uploads\/2023\/06\/image_processing20220816-32087-np8ne2-copy-1260x407-1-300x97.jpg 300w, https:\/\/acc-company.com\/wp-content\/uploads\/2023\/06\/image_processing20220816-32087-np8ne2-copy-1260x407-1-1024x331.jpg 1024w, https:\/\/acc-company.com\/wp-content\/uploads\/2023\/06\/image_processing20220816-32087-np8ne2-copy-1260x407-1-768x248.jpg 768w, https:\/\/acc-company.com\/wp-content\/uploads\/2023\/06\/image_processing20220816-32087-np8ne2-copy-1260x407-1-630x204.jpg 630w, https:\/\/acc-company.com\/wp-content\/uploads\/2023\/06\/image_processing20220816-32087-np8ne2-copy-1260x407-1-420x136.jpg 420w, https:\/\/acc-company.com\/wp-content\/uploads\/2023\/06\/image_processing20220816-32087-np8ne2-copy-1260x407-1-840x271.jpg 840w, https:\/\/acc-company.com\/wp-content\/uploads\/2023\/06\/image_processing20220816-32087-np8ne2-copy-1260x407-1-315x102.jpg 315w\" \/>\t\t\t\t\t\t\t\n\t<p>Die Herausforderungen der heutigen Welt ver\u00e4ndern sich rasant und ben\u00f6tigen zeitgem\u00e4\u00dfe, innovative und nachhaltige L\u00f6sungsans\u00e4tze. Bei unserer t\u00e4glichen Arbeit haben wir Ihre spezifischen Anforderungen und Bed\u00fcrfnisse, ambitionierte Nachhaltigkeitsziele und die Menschen im Blick &#8211; vom Boardroom bis zum Shopfloor, immer auf Augenh\u00f6he.<\/p>\n\t<p>Our approach generates valuable outcomes that truly matter, enabling you to sustain market success and surpass your future objectives.\nWith a team of experienced management and IT consultants, alongside digital natives and an unparalleled fusion of expertise and tools, we proactively address the most intricate challenges head-on.<\/p>\n<h2>\n\tServices\n\t<\/h2>\n\t\t\t\t\t\t\t<img loading=\"lazy\" decoding=\"async\" width=\"457\" height=\"472\" src=\"http:\/\/acc-company.com\/wp-content\/uploads\/2023\/06\/101-final-pic.jpg\" alt=\"101-final-pic\" itemprop=\"image\" title=\"101-final-pic\" onerror=\"this.style.display='none'\"  sizes=\"auto, (max-width: 768px) 100vw, 100vw\" srcset=\"https:\/\/acc-company.com\/wp-content\/uploads\/2023\/06\/101-final-pic.jpg 457w, https:\/\/acc-company.com\/wp-content\/uploads\/2023\/06\/101-final-pic-290x300.jpg 290w, https:\/\/acc-company.com\/wp-content\/uploads\/2023\/06\/101-final-pic-420x434.jpg 420w, https:\/\/acc-company.com\/wp-content\/uploads\/2023\/06\/101-final-pic-315x325.jpg 315w\" \/>\t\t\t\t\t\t\t\n<h2>\n\t\tConsulting\n\t<\/h2>\n\t<p>Wir machen Sie bereit f\u00fcr die Zukunft. Gemeinsam optimieren wir Ihre Produktqualit\u00e4t und Produktperformance, Ihre Prozesse und Abl\u00e4ufe, Organisationen und Strukturen.<\/p>\n<p>Our service portfolio:<\/p>\n\t<ol>\n<li>Quality &amp; Product Performance Engineering<\/li>\n<li>Process Optimization<\/li>\n<li>Operational Excellance<\/li>\n<\/ol>\n\t<a href=\"http:\/\/acc-company.com\/en\/capabilities\/#quality-engineering\" target=\"_self\" role=\"button\">\n\t\t\t\t\tRead more\n\t<\/a>\n<h2>\n\t\tData Analytics Excellence\n\t<\/h2>\n\t<p>Daten sind das Roh\u00f6l der Zukunft. Daten erfassen, sinnvoll aufbereiten, speichern, verarbeiten, visualisieren und sinnvoll nutzen &#8211; all das ist essentiell f\u00fcr Ihre Zukunft.<\/p>\n<p>Our Data Analytics Portfolio:<\/p>\n\t<ol>\n<li>Comprehensive I4.0 solutions<\/li>\n<li>Data analysis &amp; data interpretation<\/li>\n<li><a href=\"http:\/\/acc-company.com\/en\/\" target=\"_blank\" rel=\"noopener\">An I4.0 software platform that offers the right solutions from simple visualization to AI systems.<\/a><\/li>\n<\/ol>\n\t<a href=\"http:\/\/acc-company.com\/en\/capabilities\/#it-consulting\" target=\"_self\" role=\"button\">\n\t\t\t\t\tRead more\n\t<\/a>\n\t\t\t\t\t\t\t<img loading=\"lazy\" decoding=\"async\" width=\"457\" height=\"472\" src=\"http:\/\/acc-company.com\/wp-content\/uploads\/2023\/06\/102-final-pic.jpg\" alt=\"102-final-pic\" itemprop=\"image\" title=\"102-final-pic\" onerror=\"this.style.display='none'\"  sizes=\"auto, (max-width: 768px) 100vw, 100vw\" srcset=\"https:\/\/acc-company.com\/wp-content\/uploads\/2023\/06\/102-final-pic.jpg 457w, https:\/\/acc-company.com\/wp-content\/uploads\/2023\/06\/102-final-pic-290x300.jpg 290w, https:\/\/acc-company.com\/wp-content\/uploads\/2023\/06\/102-final-pic-420x434.jpg 420w, https:\/\/acc-company.com\/wp-content\/uploads\/2023\/06\/102-final-pic-315x325.jpg 315w\" \/>\t\t\t\t\t\t\t\n<h2>\n\t\tDigitalization and artificial intelligence\n\t<\/h2>\n\t\t\t\t<a href=\"https:\/\/acc-mozak.com\" target=\"_blank\" rel=\"noopener\"  itemprop=\"url\">\n\t\t\t\t\t\t\t<img loading=\"lazy\" decoding=\"async\" src=\"https:\/\/acc-company.com\/wp-content\/uploads\/2024\/07\/Mozak_logo_dark.png\" alt=\"Mozak_logo_dark\" itemprop=\"image\" height=\"960\" width=\"2640\" data-link-type=\"url\" title=\"Mozak_logo_dark\" onerror=\"this.style.display='none'\"  sizes=\"auto, (max-width: 768px) 100vw, 100vw\" srcset=\"https:\/\/acc-company.com\/wp-content\/uploads\/2024\/07\/Mozak_logo_dark.png 2640w, https:\/\/acc-company.com\/wp-content\/uploads\/2024\/07\/Mozak_logo_dark-300x109.png 300w, https:\/\/acc-company.com\/wp-content\/uploads\/2024\/07\/Mozak_logo_dark-1024x372.png 1024w, https:\/\/acc-company.com\/wp-content\/uploads\/2024\/07\/Mozak_logo_dark-768x279.png 768w, https:\/\/acc-company.com\/wp-content\/uploads\/2024\/07\/Mozak_logo_dark-1536x559.png 1536w, https:\/\/acc-company.com\/wp-content\/uploads\/2024\/07\/Mozak_logo_dark-2048x745.png 2048w, https:\/\/acc-company.com\/wp-content\/uploads\/2024\/07\/Mozak_logo_dark-18x7.png 18w, https:\/\/acc-company.com\/wp-content\/uploads\/2024\/07\/Mozak_logo_dark-1260x458.png 1260w, https:\/\/acc-company.com\/wp-content\/uploads\/2024\/07\/Mozak_logo_dark-630x229.png 630w, https:\/\/acc-company.com\/wp-content\/uploads\/2024\/07\/Mozak_logo_dark-420x153.png 420w, https:\/\/acc-company.com\/wp-content\/uploads\/2024\/07\/Mozak_logo_dark-840x305.png 840w, https:\/\/acc-company.com\/wp-content\/uploads\/2024\/07\/Mozak_logo_dark-315x115.png 315w\" \/>\t\t\t\t\t\t<\/a>\n<h2>\n\tThe solution for Industry 4.0 challenges\n\t<\/h2>\n\t<p>Our MOZAK platform offers everything you need to make your machinery and equipment SMART. Simple, intelligent, incredibly performant and problem-solving proven.<\/p>\n\t\t\t\t\t\t\t<img loading=\"lazy\" decoding=\"async\" width=\"140\" height=\"140\" src=\"http:\/\/acc-company.com\/wp-content\/uploads\/2023\/04\/Preventive-Analytics.png\" alt=\"Preventive Analytics\" itemprop=\"image\" title=\"Preventive Analytics\" onerror=\"this.style.display='none'\"  sizes=\"auto, (max-width: 768px) 100vw, 100vw\" srcset=\"https:\/\/acc-company.com\/wp-content\/uploads\/2023\/04\/Preventive-Analytics.png 140w, https:\/\/acc-company.com\/wp-content\/uploads\/2023\/04\/Preventive-Analytics-100x100.png 100w\" \/>\t\t\t\t\t\t\t\n<h3>\n\t\tPreventive Analytics\n\t<\/h3>\n<h4>\n\t\tPrevention\n\t<\/h4>\n\t<p>Continuously analyzes parameters according to algorithms developed in-house and avoids potential problems before they arise.<\/p>\n\t\t\t\t\t\t\t<img loading=\"lazy\" decoding=\"async\" width=\"140\" height=\"140\" src=\"http:\/\/acc-company.com\/wp-content\/uploads\/2023\/04\/Condition-Monitoring.png\" alt=\"Condition Monitoring\" itemprop=\"image\" title=\"Condition Monitoring\" onerror=\"this.style.display='none'\"  sizes=\"auto, (max-width: 768px) 100vw, 100vw\" srcset=\"https:\/\/acc-company.com\/wp-content\/uploads\/2023\/04\/Condition-Monitoring.png 140w, https:\/\/acc-company.com\/wp-content\/uploads\/2023\/04\/Condition-Monitoring-100x100.png 100w\" \/>\t\t\t\t\t\t\t\n<h3>\n\t\tCondition Monitoring\n\t<\/h3>\n<h4>\n\t\tObserve\n\t<\/h4>\n\t<p>Continuously records all parameters and clearly displays the status.<\/p>\n\t\t\t\t\t\t\t<img loading=\"lazy\" decoding=\"async\" width=\"140\" height=\"140\" src=\"http:\/\/acc-company.com\/wp-content\/uploads\/2023\/04\/Cause-Effect-Relationship.png\" alt=\"Cause-Effect-Relationship\" itemprop=\"image\" title=\"Cause-Effect-Relationship\" onerror=\"this.style.display='none'\"  sizes=\"auto, (max-width: 768px) 100vw, 100vw\" srcset=\"https:\/\/acc-company.com\/wp-content\/uploads\/2023\/04\/Cause-Effect-Relationship.png 140w, https:\/\/acc-company.com\/wp-content\/uploads\/2023\/04\/Cause-Effect-Relationship-100x100.png 100w\" \/>\t\t\t\t\t\t\t\n<h3>\n\t\tCause-Effect-Relationship\n\t<\/h3>\n<h4>\n\t\tUnderstanding\n\t<\/h4>\n\t<p>Is able to recognize problems, identify potential causes or cause-effect relationships, and accurately isolate affected products.<\/p>\n\t\t\t\t\t\t\t<img loading=\"lazy\" decoding=\"async\" width=\"140\" height=\"140\" src=\"http:\/\/acc-company.com\/wp-content\/uploads\/2023\/04\/Production-Efficienc.png\" alt=\"Production Efficienc\" itemprop=\"image\" title=\"Production Efficienc\" onerror=\"this.style.display='none'\"  sizes=\"auto, (max-width: 768px) 100vw, 100vw\" srcset=\"https:\/\/acc-company.com\/wp-content\/uploads\/2023\/04\/Production-Efficienc.png 140w, https:\/\/acc-company.com\/wp-content\/uploads\/2023\/04\/Production-Efficienc-100x100.png 100w\" \/>\t\t\t\t\t\t\t\n<h3>\n\t\tProduction Efficiency Analytics\n\t<\/h3>\n<h4>\n\t\tEfficiency\n\t<\/h4>\n\t<p>Our in-depth analysis of production efficiency highlights possibilities for optimizing costs, reducing time, and elevating quality, enabling you to achieve maximum operational effectiveness.<\/p>\n\t\t\t\t\t\t\t<img loading=\"lazy\" decoding=\"async\" width=\"140\" height=\"140\" src=\"http:\/\/acc-company.com\/wp-content\/uploads\/2023\/04\/Artificial-Intelligence.png\" alt=\"Artificial Intelligence\" itemprop=\"image\" title=\"Artificial Intelligence\" onerror=\"this.style.display='none'\"  sizes=\"auto, (max-width: 768px) 100vw, 100vw\" srcset=\"https:\/\/acc-company.com\/wp-content\/uploads\/2023\/04\/Artificial-Intelligence.png 140w, https:\/\/acc-company.com\/wp-content\/uploads\/2023\/04\/Artificial-Intelligence-100x100.png 100w\" \/>\t\t\t\t\t\t\t\n<h3>\n\t\tArtificial Intelligence\n\t<\/h3>\n<h4>\n\t\tIntelligence\n\t<\/h4>\n\t<p>A system that can learn using neural structures. If SMART, then intelligent.<\/p>\n<h2>\n\tCases\n\t<\/h2>\n\t<p>Get an impression of our capabilities for yourself. A small selection of cases shows you what we can do and how we can help you.<\/p>\n<h3>\n\t\t<a href=\"http:\/\/acc-company.com\/en\/sanofi\/\" title=\"Pharmaceutical Industry\" target=\"_self\">\n\t\tPharmaceutical Industry\n\t\t<\/a>\n\t<\/h3>\n\t<p>Aus GMP-Sicht muss eine kontinuierliche Verifizierung und damit Pr\u00fcfung der&#8230;<\/p>\n\t<a href=\"http:\/\/acc-company.com\/en\/sanofi\/\" target=\"_self\" role=\"button\">\n\t\t\t\t\tRead more\n\t<\/a>\n<h3>\n\t\t<a href=\"http:\/\/acc-company.com\/en\/groniger\/\" title=\"Mechanical and plant engineering\" target=\"_self\">\n\t\tMechanical and plant engineering\n\t\t<\/a>\n\t<\/h3>\n\t<p>Alles l\u00e4uft gut. Uns geht es blendend. Warum sollten wir etwas \u00e4ndern? Das hat sich unser&#8230;<\/p>\n\t<a href=\"http:\/\/acc-company.com\/en\/groniger\/\" target=\"_self\" role=\"button\">\n\t\t\t\t\tRead more\n\t<\/a>\n<h3>\n\t\t<a href=\"http:\/\/acc-company.com\/en\/webasto\/\" title=\"Automotive Supplier\" target=\"_self\">\n\t\tAutomotive Supplier\n\t\t<\/a>\n\t<\/h3>\n\t<p>Ein Tier 1 &#8211; Automobilzulieferer von Roofsystemen beliefert von seinem&#8230;<\/p>\n\t<a href=\"http:\/\/acc-company.com\/en\/webasto\/\" target=\"_self\" role=\"button\">\n\t\t\t\t\tRead more\n\t<\/a>\n<h3>\n\t\t<a href=\"http:\/\/acc-company.com\/en\/ats\/\" title=\"Automation\" target=\"_self\">\n\t\tAutomation\n\t\t<\/a>\n\t<\/h3>\n\t<p>Das f\u00fchrende Unternehmen f\u00fcr Automatisierungsl\u00f6sungen wurde von&#8230;<\/p>\n\t<a href=\"http:\/\/acc-company.com\/en\/ats\/\" target=\"_self\" role=\"button\">\n\t\t\t\t\tRead more\n\t<\/a>\n<h3>\n\t\t<a href=\"http:\/\/acc-company.com\/en\/rimac\/\" title=\"E-Mobility\" target=\"_self\">\n\t\tE-Mobility\n\t\t<\/a>\n\t<\/h3>\n\t<p>Reimagining Electromobility: Accelerating Battery Cell Production...<\/p>\n\t<a href=\"http:\/\/acc-company.com\/en\/rimac\/\" target=\"_self\" role=\"button\">\n\t\t\t\t\tRead more\n\t<\/a>\n<h3>\n\t\t<a href=\"http:\/\/acc-company.com\/en\/airbus\/\" title=\"Aerospace\" target=\"_self\">\n\t\tAerospace\n\t\t<\/a>\n\t<\/h3>\n\t<p>Put yourself in the shoes of an aviation industry leader who recently completed a sale...<\/p>\n\t<a href=\"http:\/\/acc-company.com\/en\/airbus\/\" target=\"_self\" role=\"button\">\n\t\t\t\t\tRead more\n\t<\/a>\n\t<a href=\"https:\/\/acc-company.com\/en\/cases\/\" target=\"_self\" role=\"button\">\n\t\t\t\t\tView all cases\n\t<\/a>\n<h2>\n\t\tChallenge us\n\t<\/h2>\n\t<p>You want to convince yourself of our efficiency? We also manage the cases where others fail.<\/p>\n\t<a href=\"http:\/\/acc-company.com\/en\/contact\/\" target=\"_self\" role=\"button\">\n\t\t\t\t\tPut us on test\n\t<\/a>\n\n<\/div><!-- .vgblk-rw-wrapper -->","protected":false},"excerpt":{"rendered":"<p>Die Herausforderungen der heutigen Welt ver\u00e4ndern sich rasant und ben\u00f6tigen zeitgem\u00e4\u00dfe, innovative und nachhaltige L\u00f6sungsans\u00e4tze. Bei unserer t\u00e4glichen Arbeit haben wir Ihre spezifischen Anforderungen und Bed\u00fcrfnisse, ambitionierte Nachhaltigkeitsziele und die&#8230;<\/p>","protected":false},"author":1,"featured_media":0,"parent":0,"menu_order":0,"comment_status":"closed","ping_status":"closed","template":"","meta":{"inline_featured_image":false,"_themeisle_gutenberg_block_has_review":false,"footnotes":""},"class_list":["post-13827","page","type-page","status-publish","hentry"],"_links":{"self":[{"href":"https:\/\/acc-company.com\/en\/wp-json\/wp\/v2\/pages\/13827","targetHints":{"allow":["GET"]}}],"collection":[{"href":"https:\/\/acc-company.com\/en\/wp-json\/wp\/v2\/pages"}],"about":[{"href":"https:\/\/acc-company.com\/en\/wp-json\/wp\/v2\/types\/page"}],"author":[{"embeddable":true,"href":"https:\/\/acc-company.com\/en\/wp-json\/wp\/v2\/users\/1"}],"replies":[{"embeddable":true,"href":"https:\/\/acc-company.com\/en\/wp-json\/wp\/v2\/comments?post=13827"}],"version-history":[{"count":72,"href":"https:\/\/acc-company.com\/en\/wp-json\/wp\/v2\/pages\/13827\/revisions"}],"predecessor-version":[{"id":988950,"href":"https:\/\/acc-company.com\/en\/wp-json\/wp\/v2\/pages\/13827\/revisions\/988950"}],"wp:attachment":[{"href":"https:\/\/acc-company.com\/en\/wp-json\/wp\/v2\/media?parent=13827"}],"curies":[{"name":"wp","href":"https:\/\/api.w.org\/{rel}","templated":true}]}}